{"id":959,"date":"2025-08-26T22:16:29","date_gmt":"2025-08-26T20:16:29","guid":{"rendered":"https:\/\/nutri-hiyam.de\/?page_id=959"},"modified":"2025-09-15T08:28:22","modified_gmt":"2025-09-15T06:28:22","slug":"home2","status":"publish","type":"page","link":"https:\/\/nutri-hiyam.de\/home\/","title":{"rendered":"Home"},"content":{"rendered":"\n<div class=\"wp-block-uagb-info-box uagb-block-76556bbe uagb-infobox__content-wrap  uagb-infobox-icon-above-title uagb-infobox-image-valign-top\"><div class=\"uagb-ifb-content\"><div class=\"uagb-ifb-title-wrap\"><span class=\"uagb-ifb-title-prefix\">Ern\u00e4hrungsberatung<\/span><h1 class=\"uagb-ifb-title\">Finde deinen Weg zu einem ges\u00fcnderen Leben<\/h1><\/div><p class=\"uagb-ifb-desc\">Ich biete individuelle Beratungen an, um dir zu helfen, gesunde Gewohnheiten zu entwickeln. Lass uns gemeinsam an deinem Ziel arbeiten!<\/p><div class=\"uagb-ifb-button-wrapper wp-block-button\"><a href=\"#contact\" class=\"uagb-infobox-cta-link wp-block-button__link\" target=\"_self\" rel=\"noopener noreferrer\" onclick=\"return true;\"><span class=\"uagb-inline-editing\">Jetzt Kontakt aufnehmen<\/span><\/a><\/div><\/div><\/div>\n\n\n\n<div id=\"about-me\" class=\"wp-block-uagb-container uagb-block-280e06f9 alignfull uagb-is-root-container\"><div class=\"uagb-container-inner-blocks-wrap\">\n<div class=\"wp-block-uagb-container uagb-block-6c5d8540\">\n<div class=\"wp-block-uagb-container uagb-block-46ad0de4\">\n<figure class=\"wp-block-image size-large is-style-rounded\"><img fetchpriority=\"high\" decoding=\"async\" width=\"1922\" height=\"2560\" src=\"https:\/\/nutri-hiyam.de\/wp-content\/uploads\/2025\/09\/MG_7280-1-edited-4-scaled.jpg\" alt=\" mg 7280 (1)\" class=\"wp-image-1034\" title=\"Home\" srcset=\"https:\/\/nutri-hiyam.de\/wp-content\/uploads\/2025\/09\/MG_7280-1-edited-4-scaled.jpg 1922w, https:\/\/nutri-hiyam.de\/wp-content\/uploads\/2025\/09\/MG_7280-1-edited-4-225x300.jpg 225w, https:\/\/nutri-hiyam.de\/wp-content\/uploads\/2025\/09\/MG_7280-1-edited-4-769x1024.jpg 769w, https:\/\/nutri-hiyam.de\/wp-content\/uploads\/2025\/09\/MG_7280-1-edited-4-768x1023.jpg 768w, https:\/\/nutri-hiyam.de\/wp-content\/uploads\/2025\/09\/MG_7280-1-edited-4-1153x1536.jpg 1153w, https:\/\/nutri-hiyam.de\/wp-content\/uploads\/2025\/09\/MG_7280-1-edited-4-1538x2048.jpg 1538w\" sizes=\"(max-width: 1922px) 100vw, 1922px\" \/><\/figure>\n<\/div>\n<\/div>\n\n\n\n<div class=\"wp-block-uagb-container uagb-block-aa4367c6\">\n<div class=\"wp-block-uagb-advanced-heading uagb-block-36b772da\"><h5 class=\"uagb-heading-text\">\u00dcber mich<\/h5><p class=\"uagb-desc-text\">Hallo, ich bin Hiyam Nemer, Ern\u00e4hrungswissenschaftlerin, Genussbotschafterin f\u00fcr p\u00e4dagogisches Kochen bei <em>Ich kann kochen!<\/em> und Mitglied im VFED (Verband f\u00fcr Ern\u00e4hrung und Di\u00e4tetik e.V.).<br>Mit meinem Bachelor in Ern\u00e4hrungswissenschaften an der Hochschule Niederrhein und meinem aktuellen Masterstudium verbinde ich wissenschaftliches Wissen mit Freude am praktischen Tun.<br>Praktische Erfahrungen habe ich in der Diabetesberatung, in Eltern-Kind-Projekten zur Adipositaspr\u00e4vention sowie in Kochkursen gesammelt. Besonders am Herzen liegt mir die mediterrane K\u00fcche, die bunt, frisch und einfach umzusetzen ist.<br>Als leidenschaftliche Schreberg\u00e4rtnerin wei\u00df ich, wie wertvoll regionale und saisonale Lebensmittel sind. Dieses Wissen gebe ich gerne weiter \u2013 mit Spa\u00df und Genuss.<br>Ich spreche Deutsch und Arabisch und kann so Menschen mit verschiedenen kulturellen Hintergr\u00fcnden erreichen und begleiten.<br>Mein Ziel ist es, dich und deine Kinder dabei zu unterst\u00fctzen, Ern\u00e4hrung entspannt, genussvoll und gesund in euren Alltag zu integrieren.<\/p><\/div>\n<\/div>\n<\/div><\/div>\n\n\n\n<div id=\"services\" class=\"wp-block-uagb-container uagb-block-255aaac1 alignfull uagb-is-root-container\"><div class=\"uagb-container-inner-blocks-wrap\">\n<div class=\"wp-block-uagb-info-box uagb-block-d5949f12 uagb-infobox__content-wrap  uagb-infobox-icon-above-title uagb-infobox-image-valign-top\"><div class=\"uagb-ifb-content\"><div class=\"uagb-ifb-title-wrap\"><span class=\"uagb-ifb-title-prefix\">Leistungen<\/span><h2 class=\"uagb-ifb-title\">Entdecke die wichtigsten Dienstleistungen, die ich anbiete<\/h2><\/div><\/div><\/div>\n\n\n\n<div class=\"wp-block-uagb-container uagb-block-4f291786\">\n<div class=\"wp-block-uagb-container uagb-block-5490a72e\">\n<div class=\"wp-block-uagb-advanced-heading uagb-block-246ae1ee\"><h3 class=\"uagb-heading-text\">Ern\u00e4hrungsberatung<\/h3><div class=\"uagb-separator\"><\/div><p class=\"uagb-desc-text\">Individuelle Beratung zum gesunden Abnehmen oder Zunehmen, bei Diabetes, Bluthochdruck, erh\u00f6htem Cholesterin oder anderen gesundheitlichen Fragestellungen. Auch bei Intoleranzen und Unvertr\u00e4glichkeiten (z.\u202fB. Laktose, Gluten) passe ich die Ern\u00e4hrung gezielt an.<\/p><\/div>\n\n\n\n<div class=\"wp-block-uagb-advanced-heading uagb-block-873e4bad\"><h3 class=\"uagb-heading-text\">Nachhaltige Ern\u00e4hrung<\/h3><div class=\"uagb-separator\"><\/div><p class=\"uagb-desc-text\">Ich sensibilisiere f\u00fcr den Wert regionaler und saisonaler Lebensmittel und zeige, wie Genuss, Gesundheit und Nachhaltigkeit Hand in Hand gehen.<\/p><\/div>\n\n\n\n<div class=\"wp-block-group is-layout-constrained wp-block-group-is-layout-constrained\">\n<div class=\"wp-block-uagb-advanced-heading uagb-block-ed3eb23c\"><h3 class=\"uagb-heading-text\">Mehrsprachige Angebote<\/h3><div class=\"uagb-separator\"><\/div><\/div>\n\n\n\n<p>Beratung und Kurse auf Deutsch und Arabisch, um interkulturelle Ern\u00e4hrungskompetenz zu f\u00f6rdern und Sprachbarrieren zu \u00fcberwinden.<\/p>\n<\/div>\n<\/div>\n\n\n\n<div class=\"wp-block-uagb-container uagb-block-50d6785d\">\n<div class=\"wp-block-uagb-advanced-heading uagb-block-df5ffd48\"><h3 class=\"uagb-heading-text\">Schwangerschaft &amp; Stillzeit<\/h3><div class=\"uagb-separator\"><\/div><p class=\"uagb-desc-text\">Ich zeige, wie werdende und frischgebackene M\u00fctter sich und ihr Kind optimal ern\u00e4hren, Mangelerscheinungen wie Eisenmangel vorbeugen und das Wohlbefinden st\u00e4rken k\u00f6nnen.<\/p><\/div>\n\n\n\n<div class=\"wp-block-uagb-advanced-heading uagb-block-e6ac3404\"><h3 class=\"uagb-heading-text\">Kinderern\u00e4hrung<\/h3><div class=\"uagb-separator\"><\/div><p class=\"uagb-desc-text\">Gesunde und ausgewogene Ern\u00e4hrung f\u00fcr S\u00e4uglinge, Kleinkinder und Schulkinder \u2013 mit dem Ziel, von Anfang an ein positives Essverhalten zu f\u00f6rdern.<br>Kochkurse &amp; praktische Schulungen: Praxisorientierte Kurse, besonders zur mediterranen K\u00fcche, sowie p\u00e4dagogisches Kochen im Rahmen der Initiative Ich kann kochen! \u2013 so verbinden wir Theorie und Praxis auf genussvolle Weise.<\/p><\/div>\n<\/div>\n<\/div>\n<\/div><\/div>\n\n\n\n<div id=\"portfolio\" class=\"wp-block-uagb-container uag-hide-desktop uag-hide-tab uag-hide-mob uagb-block-e7b1658b alignfull uagb-is-root-container\"><div class=\"uagb-container-inner-blocks-wrap\">\n<div class=\"wp-block-uagb-info-box uagb-block-bb36cf09 uagb-infobox__content-wrap  uagb-infobox-icon-above-title uagb-infobox-image-valign-top\"><div class=\"uagb-ifb-content\"><div class=\"uagb-ifb-title-wrap\"><span class=\"uagb-ifb-title-prefix\">\u00dcber Mich<\/span><h2 class=\"uagb-ifb-title\">Entdecke meine neuesten Beratungsprojekte<\/h2><\/div><\/div><\/div>\n\n\n\n<div class=\"wp-block-uagb-container uagb-block-9cd2f1f9\">\n<div class=\"wp-block-uagb-container uagb-block-5b1e5297\">\n<div class=\"wp-block-uagb-info-box uagb-block-95d7e1b2 uagb-infobox__content-wrap  uagb-infobox-icon-above-title uagb-infobox-image-valign-top\"><div class=\"uagb-ifb-content\"><div class=\"uagb-ifb-title-wrap\"><h3 class=\"uagb-ifb-title\">Spannendes Projekt 1<\/h3><\/div><p class=\"uagb-ifb-desc\">Teilen Sie hier einige Details mit. Dies ist ein flexibler Abschnitt, in dem Sie alles mitteilen k\u00f6nnen, was Sie wollen.<\/p><\/div><\/div>\n<\/div>\n\n\n\n<div class=\"wp-block-uagb-container uagb-block-36ceee69\">\n<div class=\"wp-block-uagb-info-box uagb-block-5c015efd uagb-infobox__content-wrap  uagb-infobox-icon-above-title uagb-infobox-image-valign-top\"><div class=\"uagb-ifb-content\"><div class=\"uagb-ifb-title-wrap\"><h3 class=\"uagb-ifb-title\">Spannendes Projekt 2<\/h3><\/div><p class=\"uagb-ifb-desc\">Teilen Sie hier einige Details mit. Dies ist ein flexibler Abschnitt, in dem Sie alles mitteilen k\u00f6nnen, was Sie wollen.<\/p><\/div><\/div>\n<\/div>\n<\/div>\n\n\n\n<div class=\"wp-block-uagb-container uagb-block-4fad3f13\">\n<div class=\"wp-block-uagb-container uagb-block-456659a9\">\n<div class=\"wp-block-uagb-info-box uagb-block-6f827029 uagb-infobox__content-wrap  uagb-infobox-icon-above-title uagb-infobox-image-valign-top\"><div class=\"uagb-ifb-content\"><div class=\"uagb-ifb-title-wrap\"><h3 class=\"uagb-ifb-title\">Spannendes Projekt 3<\/h3><\/div><p class=\"uagb-ifb-desc\">Teilen Sie hier einige Details mit. Dies ist ein flexibler Abschnitt, in dem Sie alles mitteilen k\u00f6nnen, was Sie wollen.<\/p><\/div><\/div>\n<\/div>\n\n\n\n<div class=\"wp-block-uagb-container uagb-block-2e778000\">\n<div class=\"wp-block-uagb-info-box uagb-block-90aacc35 uagb-infobox__content-wrap  uagb-infobox-icon-above-title uagb-infobox-image-valign-top\"><div class=\"uagb-ifb-content\"><div class=\"uagb-ifb-title-wrap\"><h3 class=\"uagb-ifb-title\">Spannendes Projekt 4<\/h3><\/div><p class=\"uagb-ifb-desc\">Teilen Sie hier einige Details mit. Dies ist ein flexibler Abschnitt, in dem Sie alles mitteilen k\u00f6nnen, was Sie wollen.<\/p><\/div><\/div>\n<\/div>\n<\/div>\n<\/div><\/div>\n\n\n\n<div id=\"contact\" class=\"wp-block-uagb-container uagb-block-269ad708 alignfull uagb-is-root-container\"><div class=\"uagb-container-inner-blocks-wrap\">\n<div class=\"wp-block-uagb-info-box uagb-block-122d921b uagb-infobox__content-wrap  uagb-infobox-icon-above-title uagb-infobox-image-valign-top\"><div class=\"uagb-ifb-content\"><div class=\"uagb-ifb-title-wrap\"><span class=\"uagb-ifb-title-prefix\">Bereit f\u00fcr Ver\u00e4nderung?<\/span><h2 class=\"uagb-ifb-title\">Nimm jetzt Kontakt auf und starte deine Reise!<\/h2><\/div><\/div><\/div>\n\n\n\n<div class=\"wp-block-uagb-advanced-heading uagb-block-e57b42a4\"><div class=\"uagb-separator\"><\/div><p class=\"uagb-heading-text\">nutri.hiyam@gmail.com<\/p><\/div>\n\n\n\n<div class=\"wp-block-uagb-icon-list uagb-block-6009982d uag-hide-desktop uag-hide-tab uag-hide-mob\"><div class=\"uagb-icon-list__wrap\">\n<div class=\"wp-block-uagb-icon-list-child uagb-block-8799444e\"><a target=\"_blank\" aria-label=\"List item\" rel=\"noopener noreferrer\" href=\"#\"> <\/a><span class=\"uagb-icon-list__source-wrap\"><svg xmlns=\"https:\/\/www.w3.org\/2000\/svg\" viewBox=\"0 0 512 512\"><path d=\"M504 256C504 119 393 8 256 8S8 119 8 256c0 123.8 90.69 226.4 209.3 245V327.7h-63V256h63v-54.64c0-62.15 37-96.48 93.67-96.48 27.14 0 55.52 4.84 55.52 4.84v61h-31.28c-30.8 0-40.41 19.12-40.41 38.73V256h68.78l-11 71.69h-57.78V501C413.3 482.4 504 379.8 504 256z\"><\/path><\/svg><\/span><\/div>\n\n\n\n<div class=\"wp-block-uagb-icon-list-child uagb-block-a27ba8d2\"><a target=\"_blank\" aria-label=\"List item\" rel=\"noopener noreferrer\" href=\"https:\/\/www.instagram.com\/nutri.hiyam\/\"> <\/a><span class=\"uagb-icon-list__source-wrap\"><svg xmlns=\"https:\/\/www.w3.org\/2000\/svg\" viewBox=\"0 0 448 512\"><path d=\"M224.1 141c-63.6 0-114.9 51.3-114.9 114.9s51.3 114.9 114.9 114.9S339 319.5 339 255.9 287.7 141 224.1 141zm0 189.6c-41.1 0-74.7-33.5-74.7-74.7s33.5-74.7 74.7-74.7 74.7 33.5 74.7 74.7-33.6 74.7-74.7 74.7zm146.4-194.3c0 14.9-12 26.8-26.8 26.8-14.9 0-26.8-12-26.8-26.8s12-26.8 26.8-26.8 26.8 12 26.8 26.8zm76.1 27.2c-1.7-35.9-9.9-67.7-36.2-93.9-26.2-26.2-58-34.4-93.9-36.2-37-2.1-147.9-2.1-184.9 0-35.8 1.7-67.6 9.9-93.9 36.1s-34.4 58-36.2 93.9c-2.1 37-2.1 147.9 0 184.9 1.7 35.9 9.9 67.7 36.2 93.9s58 34.4 93.9 36.2c37 2.1 147.9 2.1 184.9 0 35.9-1.7 67.7-9.9 93.9-36.2 26.2-26.2 34.4-58 36.2-93.9 2.1-37 2.1-147.8 0-184.8zM398.8 388c-7.8 19.6-22.9 34.7-42.6 42.6-29.5 11.7-99.5 9-132.1 9s-102.7 2.6-132.1-9c-19.6-7.8-34.7-22.9-42.6-42.6-11.7-29.5-9-99.5-9-132.1s-2.6-102.7 9-132.1c7.8-19.6 22.9-34.7 42.6-42.6 29.5-11.7 99.5-9 132.1-9s102.7-2.6 132.1 9c19.6 7.8 34.7 22.9 42.6 42.6 11.7 29.5 9 99.5 9 132.1s2.7 102.7-9 132.1z\"><\/path><\/svg><\/span><\/div>\n\n\n\n<div class=\"wp-block-uagb-icon-list-child uagb-block-b73ce1f1\"><a target=\"_blank\" aria-label=\"List item\" rel=\"noopener noreferrer\" href=\"#\"> <\/a><span class=\"uagb-icon-list__source-wrap\"><svg xmlns=\"https:\/\/www.w3.org\/2000\/svg\" viewBox=\"0 0 512 512\"><path d=\"M459.4 151.7c.325 4.548 .325 9.097 .325 13.65 0 138.7-105.6 298.6-298.6 298.6-59.45 0-114.7-17.22-161.1-47.11 8.447 .974 16.57 1.299 25.34 1.299 49.06 0 94.21-16.57 130.3-44.83-46.13-.975-84.79-31.19-98.11-72.77 6.498 .974 12.99 1.624 19.82 1.624 9.421 0 18.84-1.3 27.61-3.573-48.08-9.747-84.14-51.98-84.14-102.1v-1.299c13.97 7.797 30.21 12.67 47.43 13.32-28.26-18.84-46.78-51.01-46.78-87.39 0-19.49 5.197-37.36 14.29-52.95 51.65 63.67 129.3 105.3 216.4 109.8-1.624-7.797-2.599-15.92-2.599-24.04 0-57.83 46.78-104.9 104.9-104.9 30.21 0 57.5 12.67 76.67 33.14 23.72-4.548 46.46-13.32 66.6-25.34-7.798 24.37-24.37 44.83-46.13 57.83 21.12-2.273 41.58-8.122 60.43-16.24-14.29 20.79-32.16 39.31-52.63 54.25z\"><\/path><\/svg><\/span><\/div>\n\n\n\n<div class=\"wp-block-uagb-icon-list-child uagb-block-d809b68c\"><a target=\"_blank\" aria-label=\"List item\" rel=\"noopener noreferrer\" href=\"#\"> <\/a><span class=\"uagb-icon-list__source-wrap\"><svg xmlns=\"https:\/\/www.w3.org\/2000\/svg\" viewBox=\"0 0 448 512\"><path d=\"M416 32H31.9C14.3 32 0 46.5 0 64.3v383.4C0 465.5 14.3 480 31.9 480H416c17.6 0 32-14.5 32-32.3V64.3c0-17.8-14.4-32.3-32-32.3zM135.4 416H69V202.2h66.5V416zm-33.2-243c-21.3 0-38.5-17.3-38.5-38.5S80.9 96 102.2 96c21.2 0 38.5 17.3 38.5 38.5 0 21.3-17.2 38.5-38.5 38.5zm282.1 243h-66.4V312c0-24.8-.5-56.7-34.5-56.7-34.6 0-39.9 27-39.9 54.9V416h-66.4V202.2h63.7v29.2h.9c8.9-16.8 30.6-34.5 62.9-34.5 67.2 0 79.7 44.3 79.7 101.9V416z\"><\/path><\/svg><\/span><\/div>\n\n\n\n<div class=\"wp-block-uagb-icon-list-child uagb-block-21a1bfdf\"><a target=\"_blank\" aria-label=\"List item\" rel=\"noopener noreferrer\" href=\"#\"> <\/a><span class=\"uagb-icon-list__source-wrap\"><svg xmlns=\"https:\/\/www.w3.org\/2000\/svg\" viewBox=\"0 0 576 512\"><path d=\"M549.7 124.1c-6.281-23.65-24.79-42.28-48.28-48.6C458.8 64 288 64 288 64S117.2 64 74.63 75.49c-23.5 6.322-42 24.95-48.28 48.6-11.41 42.87-11.41 132.3-11.41 132.3s0 89.44 11.41 132.3c6.281 23.65 24.79 41.5 48.28 47.82C117.2 448 288 448 288 448s170.8 0 213.4-11.49c23.5-6.321 42-24.17 48.28-47.82 11.41-42.87 11.41-132.3 11.41-132.3s0-89.44-11.41-132.3zm-317.5 213.5V175.2l142.7 81.21-142.7 81.2z\"><\/path><\/svg><\/span><\/div>\n\n\n\n<div class=\"wp-block-uagb-icon-list-child uagb-block-28863de1\"><a target=\"_blank\" aria-label=\"List item\" rel=\"noopener noreferrer\" href=\"\"> <\/a><\/div>\n<\/div><\/div>\n<\/div><\/div>\n\n\n\n<p><\/p>\n","protected":false},"excerpt":{"rendered":"<p>\u00dcber mich Hallo, ich bin Hiyam Nemer, Ern\u00e4hrungswissenschaftlerin, Genussbotschafterin f\u00fcr p\u00e4dagogisches Kochen bei Ich kann kochen! und Mitglied im VFED (Verband f\u00fcr Ern\u00e4hrung und Di\u00e4tetik e.V.).Mit meinem Bachelor in Ern\u00e4hrungswissenschaften an der Hochschule Niederrhein und meinem aktuellen Masterstudium verbinde ich wissenschaftliches Wissen mit Freude am praktischen Tun.Praktische Erfahrungen habe ich in der Diabetesberatung, in Eltern-Kind-Projekten [&hellip;]<\/p>\n","protected":false},"author":5,"featured_media":0,"parent":0,"menu_order":0,"comment_status":"closed","ping_status":"closed","template":"","meta":{"_uag_custom_page_level_css":"","site-sidebar-layout":"default","site-content-layout":"","ast-site-content-layout":"default","site-content-style":"default","site-sidebar-style":"default","ast-global-header-display":"","ast-banner-title-visibility":"","ast-main-header-display":"","ast-hfb-above-header-display":"","ast-hfb-below-header-display":"","ast-hfb-mobile-header-display":"","site-post-title":"disabled","ast-breadcrumbs-content":"","ast-featured-img":"disabled","footer-sml-layout":"","ast-disable-related-posts":"","theme-transparent-header-meta":"","adv-header-id-meta":"","stick-header-meta":"","header-above-stick-meta":"","header-main-stick-meta":"","header-below-stick-meta":"","astra-migrate-meta-layouts":"default","ast-page-background-enabled":"default","ast-page-background-meta":{"desktop":{"background-color":"var(--ast-global-color-4)","background-image":"","background-repeat":"repeat","background-position":"center center","background-size":"auto","background-attachment":"scroll","background-type":"","background-media":"","overlay-type":"","overlay-color":"","overlay-opacity":"","overlay-gradient":""},"tablet":{"background-color":"","background-image":"","background-repeat":"repeat","background-position":"center center","background-size":"auto","background-attachment":"scroll","background-type":"","background-media":"","overlay-type":"","overlay-color":"","overlay-opacity":"","overlay-gradient":""},"mobile":{"background-color":"","background-image":"","background-repeat":"repeat","background-position":"center center","background-size":"auto","background-attachment":"scroll","background-type":"","background-media":"","overlay-type":"","overlay-color":"","overlay-opacity":"","overlay-gradient":""}},"ast-content-background-meta":{"desktop":{"background-color":"var(--ast-global-color-5)","background-image":"","background-repeat":"repeat","background-position":"center center","background-size":"auto","background-attachment":"scroll","background-type":"","background-media":"","overlay-type":"","overlay-color":"","overlay-opacity":"","overlay-gradient":""},"tablet":{"background-color":"var(--ast-global-color-5)","background-image":"","background-repeat":"repeat","background-position":"center center","background-size":"auto","background-attachment":"scroll","background-type":"","background-media":"","overlay-type":"","overlay-color":"","overlay-opacity":"","overlay-gradient":""},"mobile":{"background-color":"var(--ast-global-color-5)","background-image":"","background-repeat":"repeat","background-position":"center center","background-size":"auto","background-attachment":"scroll","background-type":"","background-media":"","overlay-type":"","overlay-color":"","overlay-opacity":"","overlay-gradient":""}},"footnotes":""},"class_list":["post-959","page","type-page","status-publish","hentry"],"uagb_featured_image_src":{"full":false,"thumbnail":false,"medium":false,"medium_large":false,"large":false,"1536x1536":false,"2048x2048":false},"uagb_author_info":{"display_name":"kdaqphl76gwk","author_link":"https:\/\/nutri-hiyam.de\/home\/author\/kdaqphl76gwk\/"},"uagb_comment_info":0,"uagb_excerpt":"\u00dcber mich Hallo, ich bin Hiyam Nemer, Ern\u00e4hrungswissenschaftlerin, Genussbotschafterin f\u00fcr p\u00e4dagogisches Kochen bei Ich kann kochen! und Mitglied im VFED (Verband f\u00fcr Ern\u00e4hrung und Di\u00e4tetik e.V.).Mit meinem Bachelor in Ern\u00e4hrungswissenschaften an der Hochschule Niederrhein und meinem aktuellen Masterstudium verbinde ich wissenschaftliches Wissen mit Freude am praktischen Tun.Praktische Erfahrungen habe ich in der Diabetesberatung, in Eltern-Kind-Projekten&hellip;","_links":{"self":[{"href":"https:\/\/nutri-hiyam.de\/home\/wp-json\/wp\/v2\/pages\/959","targetHints":{"allow":["GET"]}}],"collection":[{"href":"https:\/\/nutri-hiyam.de\/home\/wp-json\/wp\/v2\/pages"}],"about":[{"href":"https:\/\/nutri-hiyam.de\/home\/wp-json\/wp\/v2\/types\/page"}],"author":[{"embeddable":true,"href":"https:\/\/nutri-hiyam.de\/home\/wp-json\/wp\/v2\/users\/5"}],"replies":[{"embeddable":true,"href":"https:\/\/nutri-hiyam.de\/home\/wp-json\/wp\/v2\/comments?post=959"}],"version-history":[{"count":46,"href":"https:\/\/nutri-hiyam.de\/home\/wp-json\/wp\/v2\/pages\/959\/revisions"}],"predecessor-version":[{"id":1069,"href":"https:\/\/nutri-hiyam.de\/home\/wp-json\/wp\/v2\/pages\/959\/revisions\/1069"}],"wp:attachment":[{"href":"https:\/\/nutri-hiyam.de\/home\/wp-json\/wp\/v2\/media?parent=959"}],"curies":[{"name":"wp","href":"https:\/\/api.w.org\/{rel}","templated":true}]}}